{"id":9666,"date":"2019-02-13T14:39:27","date_gmt":"2019-02-13T13:39:27","guid":{"rendered":"https:\/\/www.jkg-bruchsal.de\/?page_id=9666"},"modified":"2019-02-13T22:45:18","modified_gmt":"2019-02-13T21:45:18","slug":"verkehrserziehung","status":"publish","type":"page","link":"https:\/\/www.jkg-bruchsal.de\/?page_id=9666","title":{"rendered":"Verkehrserziehung"},"content":{"rendered":"<h4>Auch Busfahren will gelernt sein!<\/h4>\n<div class=\"col-md-12\">\n<div class=\"row\">\n<div class=\"col-md-5 bootstrapfloat\">\n      <a href=\"https:\/\/www.jkg-bruchsal.de\/wordpress\/inhalte\/uploads\/2019\/02\/k-Verkehrserziehung-Jan-2019.jpg\" data-rel=\"lightbox-image-0\" data-rl_title=\"\" data-rl_caption=\"\" title=\"\"><img decoding=\"async\" class=\"img-responsive\" src=\"https:\/\/www.jkg-bruchsal.de\/wordpress\/inhalte\/uploads\/2019\/02\/k-Verkehrserziehung-Jan-2019.jpg\" alt=\"Verkehrserziehung 2019\" \/><\/a>\n    <\/div>\n<p>Einen Tag lang besch\u00e4ftigten sich die Sch\u00fcler der 5. Klassen ausnahmsweise mal nicht mit Mathe oder Deutsch, sondern mit dem richtigen Verhalten im Stra\u00dfenverkehr bzw. dem richtigen Verhalten bei der Benutzung der \u00d6PNV. Ende Januar wurde jede Klasse zwei Stunden lang darin geschult, aufgeteilt in je eine Theorie- und Praxisstunde.<\/p>\n<p>Der theoretische Teil wurde von der Verkehrspolizei unter der Leitung von Frau Kommissarin Rheinthal und Herrn Kommissar Heybl \u00fcbernommen. Die Sch\u00fcler lernten eigentlich selbstverst\u00e4ndliche Dinge, die aber im Alltag viel zu wenig beachtet und gerade von Erwachsenen falsch vorgelebt werden. Zum Beispiel, dass man mit Kopfh\u00f6rer im Stra\u00dfenverkehr taub ist, dass man beim Einsteigen nicht dr\u00e4ngelt oder wie man Bahn\u00fcberg\u00e4nge sicher \u00fcberquert. Altersgerecht und mit viel p\u00e4dagogischem Fingerspitzengef\u00fchl wurde dies von den Referenten anhand von Merks\u00e4tzen und auch Videos durchgef\u00fchrt und die Sch\u00fcler sensibilisiert.<\/p>\n<p>Der praktische Teil erfolgte dann unter Leitung von Herrn M\u00fcltin von der KVV, der eigens einen Bus mitgebracht hatte. Zun\u00e4chst wurden Unfallberichte vorgestellt, die ein gewisses Ma\u00df an Betroffenheit erzeugten. Vertieft wurde die Theorie, z.B. die Gefahren des Dr\u00e4ngelns, als ein \u201eFu\u00df-Dummie\u201c, in diesem Fall eine Kartoffel, vom Bus platt gemacht wurde.<\/p>\n<p>Der H\u00f6hepunkt war eine Fahrt mit Vollbremsung, bei der die Sch\u00fcler sahen, wie ein nicht angeschnallter Sch\u00fcler, hier durch einen Schulranzen dargestellt, durch den Bus fliegen kann und sich verletzt h\u00e4tte.<\/p>\n<p>F\u00fcr die Sch\u00fcler war dies ein interessanter Tag, der dazu beitragen soll, unsere Sch\u00fcler sicherer von ihrem Zuhause zur Schule und zur\u00fcck zu bringen, aber auch grunds\u00e4tzlich das eigene Verhalten im Stra\u00dfenverkehr zu reflektieren.<\/p>\n<\/p><\/div>\n<\/p><\/div>\n<p><em>Text: Pe (Januar 2019),<br \/>\nFoto: Kl<\/em><\/p>\n<p><\/br><\/p>\n<hr>\n<p>Link: <a href=\"https:\/\/www.jkg-bruchsal.de\/?page_id=60\">Anfahrt zum JKG und Schulwegepl\u00e4ne >><\/a><\/p>\n","protected":false},"excerpt":{"rendered":"<p>Auch Busfahren will gelernt sein! Einen Tag lang besch\u00e4ftigten sich die Sch\u00fcler der 5. Klassen ausnahmsweise mal nicht mit Mathe oder Deutsch, sondern mit dem richtigen Verhalten im Stra\u00dfenverkehr bzw. dem richtigen Verhalten bei der Benutzung der \u00d6PNV. Ende Januar wurde jede Klasse zwei Stunden lang darin geschult, aufgeteilt in je eine Theorie- und Praxisstunde. [&hellip;]<\/p>\n","protected":false},"author":2,"featured_media":0,"parent":118,"menu_order":0,"comment_status":"closed","ping_status":"closed","template":"","meta":{"footnotes":""},"class_list":["post-9666","page","type-page","status-publish","hentry"],"_links":{"self":[{"href":"https:\/\/www.jkg-bruchsal.de\/index.php?rest_route=\/wp\/v2\/pages\/9666","targetHints":{"allow":["GET"]}}],"collection":[{"href":"https:\/\/www.jkg-bruchsal.de\/index.php?rest_route=\/wp\/v2\/pages"}],"about":[{"href":"https:\/\/www.jkg-bruchsal.de\/index.php?rest_route=\/wp\/v2\/types\/page"}],"author":[{"embeddable":true,"href":"https:\/\/www.jkg-bruchsal.de\/index.php?rest_route=\/wp\/v2\/users\/2"}],"replies":[{"embeddable":true,"href":"https:\/\/www.jkg-bruchsal.de\/index.php?rest_route=%2Fwp%2Fv2%2Fcomments&post=9666"}],"version-history":[{"count":0,"href":"https:\/\/www.jkg-bruchsal.de\/index.php?rest_route=\/wp\/v2\/pages\/9666\/revisions"}],"up":[{"embeddable":true,"href":"https:\/\/www.jkg-bruchsal.de\/index.php?rest_route=\/wp\/v2\/pages\/118"}],"wp:attachment":[{"href":"https:\/\/www.jkg-bruchsal.de\/index.php?rest_route=%2Fwp%2Fv2%2Fmedia&parent=9666"}],"curies":[{"name":"wp","href":"https:\/\/api.w.org\/{rel}","templated":true}]}}